{"id":47,"date":"2015-02-13T11:07:45","date_gmt":"2015-02-13T10:07:45","guid":{"rendered":"http:\/\/wp.bipon.se\/?page_id=47"},"modified":"2023-06-21T09:33:07","modified_gmt":"2023-06-21T08:33:07","slug":"kontakt","status":"publish","type":"page","link":"https:\/\/www.bipon.se\/?page_id=47","title":{"rendered":"Kontakt"},"content":{"rendered":"<p>Att implementera BIP \u00e4r i princip kostnadsneutralt. BipOn erbjuder dessutom en kvalificerad modell f\u00f6r att ber\u00e4kna nettovinsten f\u00f6r en produktserie utvecklad med BIP j\u00e4mf\u00f6rt med en produktserie utan.<\/p>\n<p>Om du \u00e4r beredd att t\u00e4nka i helt nya banor vill vi nu g\u00e4rna ber\u00e4tta mer om BIP. Vi ser fram mot att h\u00f6ra av dig.<\/p>\n<p>V\u00e4nliga h\u00e4lsningar<\/p>\n<p><em>Martina Wettin, Kenneth Davidov, Klas Ekstrand och Tony Davidov<\/em><\/p>\n<p>Bipon AB, Katrinedalsgatan 53, 504 51 \u00a0Bor\u00e5s, Tel. 033-5555010, info@bipon.se<\/p>\n","protected":false},"excerpt":{"rendered":"<p>Att implementera BIP \u00e4r i princip kostnadsneutralt. BipOn erbjuder dessutom en kvalificerad modell f\u00f6r att ber\u00e4kna nettovinsten f\u00f6r en produktserie utvecklad med BIP j\u00e4mf\u00f6rt med en produktserie utan. Om du \u00e4r beredd att t\u00e4nka i helt nya banor vill vi nu g\u00e4rna ber\u00e4tta mer om BIP. Vi ser fram mot att h\u00f6ra av dig. V\u00e4nliga [&hellip;]<\/p>\n","protected":false},"author":1,"featured_media":0,"parent":0,"menu_order":0,"comment_status":"closed","ping_status":"closed","template":"","meta":{"footnotes":""},"class_list":["post-47","page","type-page","status-publish","hentry"],"_links":{"self":[{"href":"https:\/\/www.bipon.se\/index.php?rest_route=\/wp\/v2\/pages\/47","targetHints":{"allow":["GET"]}}],"collection":[{"href":"https:\/\/www.bipon.se\/index.php?rest_route=\/wp\/v2\/pages"}],"about":[{"href":"https:\/\/www.bipon.se\/index.php?rest_route=\/wp\/v2\/types\/page"}],"author":[{"embeddable":true,"href":"https:\/\/www.bipon.se\/index.php?rest_route=\/wp\/v2\/users\/1"}],"replies":[{"embeddable":true,"href":"https:\/\/www.bipon.se\/index.php?rest_route=%2Fwp%2Fv2%2Fcomments&post=47"}],"version-history":[{"count":10,"href":"https:\/\/www.bipon.se\/index.php?rest_route=\/wp\/v2\/pages\/47\/revisions"}],"predecessor-version":[{"id":233,"href":"https:\/\/www.bipon.se\/index.php?rest_route=\/wp\/v2\/pages\/47\/revisions\/233"}],"wp:attachment":[{"href":"https:\/\/www.bipon.se\/index.php?rest_route=%2Fwp%2Fv2%2Fmedia&parent=47"}],"curies":[{"name":"wp","href":"https:\/\/api.w.org\/{rel}","templated":true}]}}