{"id":67,"date":"2015-02-13T11:27:11","date_gmt":"2015-02-13T10:27:11","guid":{"rendered":"http:\/\/wp.bipon.se\/?page_id=67"},"modified":"2023-06-21T09:31:48","modified_gmt":"2023-06-21T08:31:48","slug":"bipon","status":"publish","type":"page","link":"https:\/\/www.bipon.se\/?page_id=67","title":{"rendered":"BipOn"},"content":{"rendered":"<p>Enkelt uttryckt kan BIP ses som en synaps f\u00f6r IOT och en m\u00f6jligg\u00f6rare f\u00f6r att M2M skapar verklig kommersiell nytta f\u00f6r industrin. Metoden kan anpassas f\u00f6r all form av serietillverkning och integreras i alla former av IT-system. Mindre och mellanstora f\u00f6retag kan med f\u00f6rdel implementera metoden via v\u00e5r egen systemserver.<\/p>\n","protected":false},"excerpt":{"rendered":"<p>Enkelt uttryckt kan BIP ses som en synaps f\u00f6r IOT och en m\u00f6jligg\u00f6rare f\u00f6r att M2M skapar verklig kommersiell nytta f\u00f6r industrin. Metoden kan anpassas f\u00f6r all form av serietillverkning och integreras i alla former av IT-system. Mindre och mellanstora f\u00f6retag kan med f\u00f6rdel implementera metoden via v\u00e5r egen systemserver.<\/p>\n","protected":false},"author":1,"featured_media":0,"parent":0,"menu_order":0,"comment_status":"closed","ping_status":"closed","template":"onecolumn-page.php","meta":{"footnotes":""},"class_list":["post-67","page","type-page","status-publish","hentry"],"_links":{"self":[{"href":"https:\/\/www.bipon.se\/index.php?rest_route=\/wp\/v2\/pages\/67","targetHints":{"allow":["GET"]}}],"collection":[{"href":"https:\/\/www.bipon.se\/index.php?rest_route=\/wp\/v2\/pages"}],"about":[{"href":"https:\/\/www.bipon.se\/index.php?rest_route=\/wp\/v2\/types\/page"}],"author":[{"embeddable":true,"href":"https:\/\/www.bipon.se\/index.php?rest_route=\/wp\/v2\/users\/1"}],"replies":[{"embeddable":true,"href":"https:\/\/www.bipon.se\/index.php?rest_route=%2Fwp%2Fv2%2Fcomments&post=67"}],"version-history":[{"count":4,"href":"https:\/\/www.bipon.se\/index.php?rest_route=\/wp\/v2\/pages\/67\/revisions"}],"predecessor-version":[{"id":232,"href":"https:\/\/www.bipon.se\/index.php?rest_route=\/wp\/v2\/pages\/67\/revisions\/232"}],"wp:attachment":[{"href":"https:\/\/www.bipon.se\/index.php?rest_route=%2Fwp%2Fv2%2Fmedia&parent=67"}],"curies":[{"name":"wp","href":"https:\/\/api.w.org\/{rel}","templated":true}]}}